{"id":3,"date":"2021-01-11T14:33:50","date_gmt":"2021-01-11T14:33:50","guid":{"rendered":"https:\/\/wagnervendegudvar.hu\/?page_id=3"},"modified":"2021-01-13T08:47:04","modified_gmt":"2021-01-13T07:47:04","slug":"privacy-policy","status":"publish","type":"page","link":"https:\/\/hotelwagner.hu\/de\/privacy-policy\/","title":{"rendered":"Adatv\u00e9delmi t\u00e1j\u00e9koztat\u00f3"},"content":{"rendered":"<p>[fusion_builder_container hundred_percent=&#8221;no&#8221; equal_height_columns=&#8221;no&#8221; menu_anchor=&#8221;&#8221; hide_on_mobile=&#8221;small-visibility,medium-visibility,large-visibility&#8221; class=&#8221;&#8221; id=&#8221;&#8221; background_color=&#8221;&#8221; background_image=&#8221;&#8221; background_position=&#8221;center center&#8221; background_repeat=&#8221;no-repeat&#8221; fade=&#8221;no&#8221; background_parallax=&#8221;none&#8221; parallax_speed=&#8221;0.3&#8243; video_mp4=&#8221;&#8221; video_webm=&#8221;&#8221; video_ogv=&#8221;&#8221; video_url=&#8221;&#8221; video_aspect_ratio=&#8221;16:9&#8243; video_loop=&#8221;yes&#8221; video_mute=&#8221;yes&#8221; overlay_color=&#8221;&#8221; video_preview_image=&#8221;&#8221; border_color=&#8221;&#8221; border_style=&#8221;solid&#8221; padding_top=&#8221;&#8221; padding_bottom=&#8221;&#8221; padding_left=&#8221;&#8221; padding_right=&#8221;&#8221; type=&#8221;flex&#8221;][fusion_builder_row][fusion_builder_column type=&#8221;1_1&#8243; layout=&#8221;1_1&#8243; background_position=&#8221;left top&#8221; background_color=&#8221;&#8221; border_color=&#8221;&#8221; border_style=&#8221;solid&#8221; border_position=&#8221;all&#8221; spacing=&#8221;yes&#8221; background_image=&#8221;&#8221; background_repeat=&#8221;no-repeat&#8221; padding_top=&#8221;&#8221; padding_right=&#8221;&#8221; padding_bottom=&#8221;&#8221; padding_left=&#8221;&#8221; margin_top=&#8221;0px&#8221; margin_bottom=&#8221;0px&#8221; class=&#8221;&#8221; id=&#8221;&#8221; animation_type=&#8221;&#8221; animation_speed=&#8221;0.3&#8243; animation_direction=&#8221;left&#8221; hide_on_mobile=&#8221;small-visibility,medium-visibility,large-visibility&#8221; center_content=&#8221;no&#8221; last=&#8221;true&#8221; min_height=&#8221;&#8221; hover_type=&#8221;none&#8221; link=&#8221;&#8221; border_sizes_top=&#8221;&#8221; border_sizes_bottom=&#8221;&#8221; border_sizes_left=&#8221;&#8221; border_sizes_right=&#8221;&#8221; first=&#8221;true&#8221;][fusion_text columns=&#8221;&#8221; column_min_width=&#8221;&#8221; column_spacing=&#8221;&#8221; rule_style=&#8221;default&#8221; rule_size=&#8221;&#8221; rule_color=&#8221;&#8221; content_alignment_medium=&#8221;&#8221; content_alignment_small=&#8221;&#8221; content_alignment=&#8221;&#8221; hide_on_mobile=&#8221;small-visibility,medium-visibility,large-visibility&#8221; sticky_display=&#8221;normal,sticky&#8221; class=&#8221;&#8221; id=&#8221;&#8221; font_size=&#8221;&#8221; fusion_font_family_text_font=&#8221;&#8221; fusion_font_variant_text_font=&#8221;&#8221; line_height=&#8221;&#8221; letter_spacing=&#8221;&#8221; text_color=&#8221;&#8221; animation_type=&#8221;&#8221; animation_direction=&#8221;left&#8221; animation_speed=&#8221;0.3&#8243; animation_offset=&#8221;&#8221;]<\/p>\r\n\r\n<p>A\u00a0<strong>www.<\/strong><strong>wagnervendegudvar<\/strong><strong>.hu<\/strong>\u00a0\u00fczemeltet\u0151je ez\u00faton t\u00e1j\u00e9koztatja a honlap l\u00e1togat\u00f3it a szem\u00e9lyes adatok kezel\u00e9se k\u00f6r\u00e9ben k\u00f6vetett gyakorlat\u00e1r\u00f3l, az adatok v\u00e9delme \u00e9rdek\u00e9ben megtett szervez\u00e9si \u00e9s technikai int\u00e9zked\u00e9seir\u0151l, valamint a l\u00e1togat\u00f3k ezzel kapcsolatos jogair\u00f3l, \u00e9s azok \u00e9rv\u00e9nyes\u00edt\u00e9s\u00e9nek lehet\u0151s\u00e9geir\u0151l.<\/p>\r\n<p>&nbsp;<\/p>\r\n<h4 class=\"wp-block-heading\">1. Az adatkezel\u0151<\/h4>\r\n<p>&nbsp;<\/p>\r\n<p>Az adatok kezel\u0151je a(z)\u00a0<strong>Wagner Vend\u00e9gudvar Kft.<\/strong>\u00a0<em>(sz\u00e9khely: 9700 Szombathely, Kossuth Lajos utca 15.)<\/em><\/p>\r\n<p>&nbsp;<\/p>\r\n<h4>2. A kezelt adatok k\u00f6re<\/h4>\r\n<p>&nbsp;<\/p>\r\n<p>A honlap megtekint\u00e9se sor\u00e1n automatikusan r\u00f6gz\u00edt\u00e9sre ker\u00fcl a felhaszn\u00e1l\u00f3 l\u00e1togat\u00e1s\u00e1nak kezd\u0151 \u00e9s befejez\u0151 id\u0151pontja, illetve egyes esetekben &#8211; a felhaszn\u00e1l\u00f3 sz\u00e1m\u00edt\u00f3g\u00e9p\u00e9nek be\u00e1ll\u00edt\u00e1s\u00e1t\u00f3l f\u00fcgg\u0151en &#8211; a b\u00f6ng\u00e9sz\u0151 \u00e9s az oper\u00e1ci\u00f3s rendszer t\u00edpusa. Ezen adatokb\u00f3l a rendszer automatikusan statisztikai adatokat gener\u00e1l. Az \u00fczemeltet\u0151 ezen adatokat nem kapcsolja \u00f6ssze szem\u00e9lyes adatokkal. A weboldal bejelentkez\u00e9s eset\u00e9n session ID-t k\u00fcld, ami az oldal elhagy\u00e1sakor automatikusan t\u00f6rl\u0151dik.<\/p>\r\n<p>A weboldal haszn\u00e1lat\u00e1hoz megadott adatok kezel\u00e9se a felhaszn\u00e1l\u00f3 \u00f6nk\u00e9ntes hozz\u00e1j\u00e1rul\u00e1s\u00e1val t\u00f6rt\u00e9nik.<\/p>\r\n<p>A weboldalunkban Google (remarketing, analytics), Facebook plugin \u00e9s egy\u00e9b idegen k\u00f3dok fordulhatnak el\u0151. Felh\u00edvjuk minden l\u00e1togat\u00f3 figyelm\u00e9t, hogy ezek a szolg\u00e1ltat\u00f3k a b\u00f6ng\u00e9szekr\u0151l adatokt t\u00e1rolnak. Amennyiben nem \u00e9rt egyet a fent eml\u00edtett szolg\u00e1ltat\u00f3k magatart\u00e1s\u00e1val, k\u00e9rj\u00fck, z\u00e1rja be a b\u00f6ng\u00e9sz\u0151 ablakot.<\/p>\r\n<p>&nbsp;<\/p>\r\n<h4>3. Az adatkezel\u00e9s c\u00e9lja<\/h4>\r\n<p>&nbsp;<\/p>\r\n<p>Az adatkezel\u00e9s, a weboldal szolg\u00e1ltat\u00e1sait ig\u00e9nybevev\u0151 regisztr\u00e1lt felhaszn\u00e1l\u00f3k, valamint \u00e9s az adatkezel\u0151 k\u00f6z\u00f6tti folyamatos kapcsolatot \u00e9s a k\u00f6zv\u00e9lem\u00e9ny kutat\u00e1st szolg\u00e1lja.<\/p>\r\n<p>A l\u00e1togat\u00e1s id\u0151pontja, valamint a b\u00f6ng\u00e9sz\u0151 \u00e9s oper\u00e1ci\u00f3s rendszer t\u00edpus\u00e1nak felv\u00e9tele \u00e9s t\u00e1rol\u00e1sa kiz\u00e1r\u00f3lag statisztikai c\u00e9lokat szolg\u00e1l.<\/p>\r\n<p>Az adatkezel\u0151 a megjel\u00f6lt c\u00e9lokt\u00f3l elt\u00e9r\u0151 c\u00e9lra a szem\u00e9lyes adatokat nem haszn\u00e1lja. Az \u00edgy megadott adatok kezel\u00e9se a felhaszn\u00e1l\u00f3 \u00f6nk\u00e9ntes hozz\u00e1j\u00e1rul\u00e1s\u00e1val t\u00f6rt\u00e9nik.<\/p>\r\n<p>A\u00a0<strong>www.<\/strong><strong>wagnervendegudvar<\/strong><strong>.hu<\/strong>\u00a0a felhaszn\u00e1l\u00f3kra vonatkoz\u00f3 valamennyi adatot \u00e9s t\u00e9nyt bizalmasan kezel, azokat kiz\u00e1r\u00f3lag a szolg\u00e1ltat\u00e1sai fejleszt\u00e9s\u00e9hez, a hirdet\u00e9si fel\u00fcletek \u00e9rt\u00e9kes\u00edt\u00e9s\u00e9hez \u00e9s saj\u00e1t kutat\u00e1s, statisztika k\u00e9sz\u00edt\u00e9s\u00e9hez haszn\u00e1lja fel. Az ezekr\u0151l k\u00e9sz\u00fclt kimutat\u00e1sok publik\u00e1l\u00e1sa csak olyan form\u00e1ban t\u00f6rt\u00e9nik, amely nem alkalmas az egyes felhaszn\u00e1l\u00f3k egyedi beazonos\u00edt\u00e1s\u00e1ra.<\/p>\r\n<p>&nbsp;<\/p>\r\n<h4>4. Az adatkezel\u00e9s id\u0151tartama<\/h4>\r\n<p>&nbsp;<\/p>\r\n<p>A session ID-k a weboldal elhagy\u00e1sakor automatikusan t\u00f6rl\u0151dnek.<\/p>\r\n<p>A\u00a0<strong>www.<\/strong><strong>wagnervendegudvar<\/strong><strong>.hu<\/strong>\u00a0nem v\u00e1llalja a felel\u0151ss\u00e9get a m\u00e1r t\u00f6r\u00f6lt, de az internetes keres\u0151programok k\u00f6zrem\u0171k\u00f6d\u00e9s\u00e9vel m\u00e9gis archiv\u00e1l\u00e1sra ker\u00fclt, kor\u00e1bbi oldalai\u00e9rt. Ezek elt\u00e1vol\u00edt\u00e1s\u00e1r\u00f3l a keres\u0151oldal m\u0171k\u00f6dtet\u0151j\u00e9nek kell gondoskodni.<\/p>\r\n<p>&nbsp;<\/p>\r\n<h4>5. Az adatokhoz hozz\u00e1f\u00e9r\u0151k k\u00f6re, adatfeldolgoz\u00f3k<\/h4>\r\n<p>&nbsp;<\/p>\r\n<p>A felhaszn\u00e1l\u00f3k \u00e1ltal megadott szem\u00e9lyes adatokhoz az adatkezel\u0151 munkat\u00e1rsai f\u00e9rhetnek hozz\u00e1.<\/p>\r\n<p>Szem\u00e9lyes adatokat a megjel\u00f6lteken k\u00edv\u00fcl harmadik szem\u00e9lyeknek az adatkezel\u0151 nem ad \u00e1t. Ez nem vonatkozik az esetleges, t\u00f6rv\u00e9nyben el\u0151\u00edrt, k\u00f6telez\u0151 adattov\u00e1bb\u00edt\u00e1sokra, amelyekre csak rendk\u00edv\u00fcli esetekben ker\u00fclhet sor. Az adatkezel\u0151 az egyes hat\u00f3s\u00e1gi adatk\u00e9r\u00e9sek teljes\u00edt\u00e9se el\u0151tt minden egyes adat tekintet\u00e9ben megvizsg\u00e1lja, hogy val\u00f3ban fenn\u00e1ll-e az adattov\u00e1bb\u00edt\u00e1s jogalapja.<\/p>\r\n<p>&nbsp;<\/p>\r\n<h4>6. A felhaszn\u00e1l\u00f3k szem\u00e9lyes adataik kezel\u00e9s\u00e9vel kapcsolatos jogai, az adatt\u00f6rl\u00e9s<\/h4>\r\n<p>&nbsp;<\/p>\r\n<p>A m\u00e1sodik pontban megjel\u00f6lt adatok megad\u00e1s\u00e1r\u00f3l a felhaszn\u00e1l\u00f3k d\u00f6ntenek. Az adatkezel\u00e9s jogalapja a felhaszn\u00e1l\u00f3k \u00f6nk\u00e9ntes hozz\u00e1j\u00e1rul\u00e1sa.<\/p>\r\n<p>Szem\u00e9lyes adataik kezel\u00e9s\u00e9r\u0151l a felhaszn\u00e1l\u00f3k t\u00e1j\u00e9koztat\u00e1st k\u00e9rhetnek. Az adatkezel\u0151 k\u00e9r\u00e9sre t\u00e1j\u00e9koztat\u00e1st ad az \u00e9rintettnek az \u00e1ltala kezelt adatair\u00f3l, az adatkezel\u00e9s c\u00e9lj\u00e1r\u00f3l, jogalapj\u00e1r\u00f3l, id\u0151tartam\u00e1r\u00f3l, az adatfeldolgoz\u00f3 nev\u00e9r\u0151l, c\u00edm\u00e9r\u0151l\u00a0<em>(sz\u00e9khely: 9700 Szombathely, Kossuth Lajos utca 15.)<\/em>\u00a0\u00e9s az adatkezel\u00e9ssel \u00f6sszef\u00fcgg\u0151 tev\u00e9kenys\u00e9g\u00e9r\u0151l, tov\u00e1bb\u00e1 arr\u00f3l, hogy kik \u00e9s milyen c\u00e9lb\u00f3l kapj\u00e1k vagy kapt\u00e1k meg az adatokat. A t\u00e1j\u00e9koztat\u00e1s az adatkezel\u0151 postai c\u00edm\u00e9n\u00a0<em>(sz\u00e9khely: 9700 Szombathely, Kossuth Lajos utca 15.)<\/em>, illetve a\u00a0<a href=\"mailto:info@hotelwagner.hu\">info@hotelwagner.hu<\/a>\u00a0e-mail c\u00edmen k\u00e9rhet\u0151.<\/p>\r\n<p>Ugyanezeken az el\u00e9rhet\u0151s\u00e9geken kezdem\u00e9nyezheti a felhaszn\u00e1l\u00f3 szem\u00e9lyes adatainak helyesb\u00edt\u00e9s\u00e9t \u00e9s t\u00f6rl\u00e9s\u00e9t is.<\/p>\r\n<p>A honlap szolg\u00e1ltat\u00e1sainak nem megfelel\u0151 ig\u00e9nybev\u00e9tele eset\u00e9n, valamint a felhaszn\u00e1l\u00f3 saj\u00e1t k\u00e9r\u00e9s\u00e9re a hozz\u00e1 tartoz\u00f3 adatokat t\u00f6r\u00f6lj\u00fck. A t\u00f6rl\u00e9sre a t\u00f6rl\u00e9si ig\u00e9ny megkezd\u00e9s\u00e9t\u0151l sz\u00e1m\u00edtott k\u00f6vetkez\u0151 munkanapot k\u00f6vet\u0151 24 \u00f3r\u00e1n bel\u00fcl ker\u00fcl sor.<\/p>\r\n<p>&nbsp;<\/p>\r\n<h4>7. Jog\u00e9rv\u00e9nyes\u00edt\u00e9si lehet\u0151s\u00e9gek<\/h4>\r\n<p>&nbsp;<\/p>\r\n<p>Az a felhaszn\u00e1l\u00f3, aki \u00fagy \u00e9rzi, hogy a\u00a0<strong>www.<\/strong><strong>wagnervendegudvar<\/strong><strong>.hu<\/strong>\u00a0tulajdonosa megs\u00e9rtette szem\u00e9lyes adatok v\u00e9delm\u00e9hez val\u00f3 jog\u00e1t, ig\u00e9ny\u00e9t polg\u00e1ri b\u00edr\u00f3s\u00e1g el\u0151tt \u00e9rv\u00e9nyes\u00edtheti, vagy k\u00e9rheti az adatv\u00e9delmi hat\u00f3s\u00e1g seg\u00edts\u00e9g\u00e9t is. Az erre, valamint az adatkezel\u0151 k\u00f6telezetts\u00e9geire vonatkoz\u00f3 r\u00e9szletes t\u00f6rv\u00e9nyi rendelkez\u00e9seket az inform\u00e1ci\u00f3s \u00f6nrendelkez\u00e9si jogr\u00f3l \u00e9s az inform\u00e1ci\u00f3szabads\u00e1gr\u00f3l sz\u00f3l\u00f3 2011. \u00e9vi CXII. t\u00f6rv\u00e9ny tartalmazza.<\/p>\r\n<p>Az adatv\u00e9delmi elvek kialak\u00edt\u00e1sakor az inform\u00e1ci\u00f3s \u00f6nrendelkez\u00e9si jogr\u00f3l \u00e9s az inform\u00e1ci\u00f3szabads\u00e1gr\u00f3l sz\u00f3l\u00f3 2011. \u00e9vi CXII. t\u00f6rv\u00e9nyt, illetve az 1998. \u00e9vi VI. sz\u00e1m\u00fa az egy\u00e9nek v\u00e9delm\u00e9r\u0151l a szem\u00e9lyes adatok g\u00e9pi feldolgoz\u00e1sa sor\u00e1n &#8211; t\u00f6rv\u00e9nyt vett\u00fck alapul.<\/p>\r\n<p>&nbsp;<\/p>\r\n<h4>8. T\u00e1j\u00e9koztat\u00e1s a mag\u00e1nszf\u00e9r\u00e1t fenyeget\u0151 vesz\u00e9lyekr\u0151l<\/h4>\r\n<p>&nbsp;<\/p>\r\n<p>Az Internet haszn\u00e1lat\u00e1val egy\u00fctt j\u00e1rnak k\u00fcl\u00f6nb\u00f6z\u0151, a mag\u00e1nszf\u00e9r\u00e1t fenyeget\u0151 vesz\u00e9lyek.<\/p>\r\n<p>Felh\u00edvjuk a figyelm\u00e9t, hogy a weboldalon le\u00edrt v\u00e9lem\u00e9nye szem\u00e9lyes adat, amelyb\u0151l k\u00fcl\u00f6nleges adataira, ak\u00e1r sz\u00e1rmaz\u00e1s\u00e1ra, politikai v\u00e9lem\u00e9ny\u00e9re is lehet k\u00f6vetkeztetni. Ezen adatok mindenki sz\u00e1m\u00e1ra megismerhet\u0151v\u00e9 v\u00e1lnak.<\/p>\r\n<p>Javasoljuk, hogy szem\u00e9lyes adatai v\u00e9delme \u00e9rdek\u00e9ben haszn\u00e1ljon PET technol\u00f3gi\u00e1t\u00a0<em>(Priv\u00e1tszf\u00e9r\u00e1t er\u0151s\u00edt\u0151 technol\u00f3gia)<\/em>. Sz\u00e1mos honlapon tal\u00e1l erre vonatkoz\u00f3 inform\u00e1ci\u00f3t.<\/p>\r\n<p>&nbsp;<\/p>\r\n<h4>9. Fontos webc\u00edmek<\/h4>\r\n<p>&nbsp;<\/p>\r\n<p><strong>Adatv\u00e9delmi inform\u00e1ci\u00f3k<\/strong><\/p>\r\n<ul>\r\n<li><a href=\"https:\/\/naih.hu\/\" target=\"_blank\" rel=\"noopener\">Nemzeti Adatv\u00e9delmi \u00e9s Inform\u00e1ci\u00f3szabads\u00e1g Hat\u00f3s\u00e1g<\/a><\/li>\r\n<li><a href=\"http:\/\/nmhh.hu\/\" target=\"_blank\" rel=\"noopener\">Nemzeti M\u00e9dia- \u00e9s H\u00edrk\u00f6zl\u00e9si Hat\u00f3s\u00e1g<\/a><\/li>\r\n<li><a href=\"http:\/\/nmhh.hu\/media-es-hirkozlesi-biztos\" target=\"_blank\" rel=\"noopener\">M\u00e9dia \u00e9s h\u00edrk\u00f6zl\u00e9si biztos<\/a><\/li>\r\n<\/ul>\r\n\r\n<p>[\/fusion_text][\/fusion_builder_column][\/fusion_builder_row][\/fusion_builder_container]<\/p>","protected":false},"excerpt":{"rendered":"<p>[fusion_builder_container hundred_percent=&#8221;no&#8221; equal_height_columns=&#8221;no&#8221; menu_anchor=&#8221;&#8221; hide_on_mobile=&#8221;small-visibility,medium-visibility,large-visibility&#8221; class=&#8221;&#8221; id=&#8221;&#8221; background_color=&#8221;&#8221; background_image=&#8221;&#8221; background_position=&#8221;center center&#8221; background_repeat=&#8221;no-repeat&#8221; fade=&#8221;no&#8221; background_parallax=&#8221;none&#8221; parallax_speed=&#8221;0.3&#8243; video_mp4=&#8221;&#8221; video_webm=&#8221;&#8221; video_ogv=&#8221;&#8221; video_url=&#8221;&#8221; video_aspect_ratio=&#8221;16:9&#8243; video_loop=&#8221;yes&#8221; video_mute=&#8221;yes&#8221; overlay_color=&#8221;&#8221; video_preview_image=&#8221;&#8221; border_color=&#8221;&#8221; border_style=&#8221;solid&#8221; padding_top=&#8221;&#8221; padding_bottom=&#8221;&#8221; padding_left=&#8221;&#8221; padding_right=&#8221;&#8221; type=&#8221;flex&#8221;][fusion_builder_row][fusion_builder_column type=&#8221;1_1&#8243; layout=&#8221;1_1&#8243; background_position=&#8221;left top&#8221; background_color=&#8221;&#8221; border_color=&#8221;&#8221; border_style=&#8221;solid&#8221; border_position=&#8221;all&#8221; spacing=&#8221;yes&#8221; background_image=&#8221;&#8221; background_repeat=&#8221;no-repeat&#8221; padding_top=&#8221;&#8221; padding_right=&#8221;&#8221; padding_bottom=&#8221;&#8221; padding_left=&#8221;&#8221; margin_top=&#8221;0px&#8221; margin_bottom=&#8221;0px&#8221; class=&#8221;&#8221; id=&#8221;&#8221; animation_type=&#8221;&#8221; animation_speed=&#8221;0.3&#8243; animation_direction=&#8221;left&#8221; hide_on_mobile=&#8221;small-visibility,medium-visibility,large-visibility&#8221; center_content=&#8221;no&#8221; [&hellip;]<\/p>\n","protected":false},"author":1,"featured_media":0,"parent":0,"menu_order":0,"comment_status":"closed","ping_status":"open","template":"","meta":{"footnotes":""},"class_list":["post-3","page","type-page","status-publish","hentry"],"yoast_head":"<!-- This site is optimized with the Yoast SEO plugin v27.4 - https:\/\/yoast.com\/product\/yoast-seo-wordpress\/ -->\n<title>Adatv\u00e9delmi t\u00e1j\u00e9koztat\u00f3 - Wagner Vend\u00e9gudvar<\/title>\n<meta name=\"robots\" content=\"index, follow, max-snippet:-1, max-image-preview:large, max-video-preview:-1\" \/>\n<link rel=\"canonical\" href=\"https:\/\/hotelwagner.hu\/de\/privacy-policy\/\" \/>\n<meta property=\"og:locale\" content=\"de_DE\" \/>\n<meta property=\"og:type\" content=\"article\" \/>\n<meta property=\"og:title\" content=\"Adatv\u00e9delmi t\u00e1j\u00e9koztat\u00f3 - Wagner Vend\u00e9gudvar\" \/>\n<meta property=\"og:description\" content=\"[fusion_builder_container hundred_percent=&#8221;no&#8221; equal_height_columns=&#8221;no&#8221; menu_anchor=&#8221;&#8221; hide_on_mobile=&#8221;small-visibility,medium-visibility,large-visibility&#8221; class=&#8221;&#8221; id=&#8221;&#8221; background_color=&#8221;&#8221; background_image=&#8221;&#8221; background_position=&#8221;center center&#8221; background_repeat=&#8221;no-repeat&#8221; fade=&#8221;no&#8221; background_parallax=&#8221;none&#8221; parallax_speed=&#8221;0.3&#8243; video_mp4=&#8221;&#8221; video_webm=&#8221;&#8221; video_ogv=&#8221;&#8221; video_url=&#8221;&#8221; video_aspect_ratio=&#8221;16:9&#8243; video_loop=&#8221;yes&#8221; video_mute=&#8221;yes&#8221; overlay_color=&#8221;&#8221; video_preview_image=&#8221;&#8221; border_color=&#8221;&#8221; border_style=&#8221;solid&#8221; padding_top=&#8221;&#8221; padding_bottom=&#8221;&#8221; padding_left=&#8221;&#8221; padding_right=&#8221;&#8221; type=&#8221;flex&#8221;][fusion_builder_row][fusion_builder_column type=&#8221;1_1&#8243; layout=&#8221;1_1&#8243; background_position=&#8221;left top&#8221; background_color=&#8221;&#8221; border_color=&#8221;&#8221; border_style=&#8221;solid&#8221; border_position=&#8221;all&#8221; spacing=&#8221;yes&#8221; background_image=&#8221;&#8221; background_repeat=&#8221;no-repeat&#8221; padding_top=&#8221;&#8221; padding_right=&#8221;&#8221; padding_bottom=&#8221;&#8221; padding_left=&#8221;&#8221; margin_top=&#8221;0px&#8221; margin_bottom=&#8221;0px&#8221; class=&#8221;&#8221; id=&#8221;&#8221; animation_type=&#8221;&#8221; animation_speed=&#8221;0.3&#8243; animation_direction=&#8221;left&#8221; hide_on_mobile=&#8221;small-visibility,medium-visibility,large-visibility&#8221; center_content=&#8221;no&#8221; [&hellip;]\" \/>\n<meta property=\"og:url\" content=\"https:\/\/hotelwagner.hu\/de\/privacy-policy\/\" \/>\n<meta property=\"og:site_name\" content=\"Wagner Vend\u00e9gudvar\" \/>\n<meta property=\"article:modified_time\" content=\"2021-01-13T07:47:04+00:00\" \/>\n<meta name=\"twitter:card\" content=\"summary_large_image\" \/>\n<meta name=\"twitter:label1\" content=\"Gesch\u00e4tzte Lesezeit\" \/>\n\t<meta name=\"twitter:data1\" content=\"7\u00a0Minuten\" \/>\n<script type=\"application\/ld+json\" class=\"yoast-schema-graph\">{\"@context\":\"https:\\\/\\\/schema.org\",\"@graph\":[{\"@type\":\"WebPage\",\"@id\":\"https:\\\/\\\/hotelwagner.hu\\\/en\\\/privacy-policy\\\/\",\"url\":\"https:\\\/\\\/hotelwagner.hu\\\/en\\\/privacy-policy\\\/\",\"name\":\"Adatv\u00e9delmi t\u00e1j\u00e9koztat\u00f3 - Wagner Vend\u00e9gudvar\",\"isPartOf\":{\"@id\":\"https:\\\/\\\/hotelwagner.hu\\\/#website\"},\"datePublished\":\"2021-01-11T14:33:50+00:00\",\"dateModified\":\"2021-01-13T07:47:04+00:00\",\"breadcrumb\":{\"@id\":\"https:\\\/\\\/hotelwagner.hu\\\/en\\\/privacy-policy\\\/#breadcrumb\"},\"inLanguage\":\"de\",\"potentialAction\":[{\"@type\":\"ReadAction\",\"target\":[\"https:\\\/\\\/hotelwagner.hu\\\/en\\\/privacy-policy\\\/\"]}]},{\"@type\":\"BreadcrumbList\",\"@id\":\"https:\\\/\\\/hotelwagner.hu\\\/en\\\/privacy-policy\\\/#breadcrumb\",\"itemListElement\":[{\"@type\":\"ListItem\",\"position\":1,\"name\":\"Home\",\"item\":\"https:\\\/\\\/hotelwagner.hu\\\/\"},{\"@type\":\"ListItem\",\"position\":2,\"name\":\"Adatv\u00e9delmi t\u00e1j\u00e9koztat\u00f3\"}]},{\"@type\":\"WebSite\",\"@id\":\"https:\\\/\\\/hotelwagner.hu\\\/#website\",\"url\":\"https:\\\/\\\/hotelwagner.hu\\\/\",\"name\":\"Wagner Vend\u00e9gudvar\",\"description\":\"Pension**** &amp; Restaurant\",\"potentialAction\":[{\"@type\":\"SearchAction\",\"target\":{\"@type\":\"EntryPoint\",\"urlTemplate\":\"https:\\\/\\\/hotelwagner.hu\\\/?s={search_term_string}\"},\"query-input\":{\"@type\":\"PropertyValueSpecification\",\"valueRequired\":true,\"valueName\":\"search_term_string\"}}],\"inLanguage\":\"de\"}]}<\/script>\n<!-- \/ Yoast SEO plugin. -->","yoast_head_json":{"title":"Adatv\u00e9delmi t\u00e1j\u00e9koztat\u00f3 - Wagner Vend\u00e9gudvar","robots":{"index":"index","follow":"follow","max-snippet":"max-snippet:-1","max-image-preview":"max-image-preview:large","max-video-preview":"max-video-preview:-1"},"canonical":"https:\/\/hotelwagner.hu\/de\/privacy-policy\/","og_locale":"de_DE","og_type":"article","og_title":"Adatv\u00e9delmi t\u00e1j\u00e9koztat\u00f3 - Wagner Vend\u00e9gudvar","og_description":"[fusion_builder_container hundred_percent=&#8221;no&#8221; equal_height_columns=&#8221;no&#8221; menu_anchor=&#8221;&#8221; hide_on_mobile=&#8221;small-visibility,medium-visibility,large-visibility&#8221; class=&#8221;&#8221; id=&#8221;&#8221; background_color=&#8221;&#8221; background_image=&#8221;&#8221; background_position=&#8221;center center&#8221; background_repeat=&#8221;no-repeat&#8221; fade=&#8221;no&#8221; background_parallax=&#8221;none&#8221; parallax_speed=&#8221;0.3&#8243; video_mp4=&#8221;&#8221; video_webm=&#8221;&#8221; video_ogv=&#8221;&#8221; video_url=&#8221;&#8221; video_aspect_ratio=&#8221;16:9&#8243; video_loop=&#8221;yes&#8221; video_mute=&#8221;yes&#8221; overlay_color=&#8221;&#8221; video_preview_image=&#8221;&#8221; border_color=&#8221;&#8221; border_style=&#8221;solid&#8221; padding_top=&#8221;&#8221; padding_bottom=&#8221;&#8221; padding_left=&#8221;&#8221; padding_right=&#8221;&#8221; type=&#8221;flex&#8221;][fusion_builder_row][fusion_builder_column type=&#8221;1_1&#8243; layout=&#8221;1_1&#8243; background_position=&#8221;left top&#8221; background_color=&#8221;&#8221; border_color=&#8221;&#8221; border_style=&#8221;solid&#8221; border_position=&#8221;all&#8221; spacing=&#8221;yes&#8221; background_image=&#8221;&#8221; background_repeat=&#8221;no-repeat&#8221; padding_top=&#8221;&#8221; padding_right=&#8221;&#8221; padding_bottom=&#8221;&#8221; padding_left=&#8221;&#8221; margin_top=&#8221;0px&#8221; margin_bottom=&#8221;0px&#8221; class=&#8221;&#8221; id=&#8221;&#8221; animation_type=&#8221;&#8221; animation_speed=&#8221;0.3&#8243; animation_direction=&#8221;left&#8221; hide_on_mobile=&#8221;small-visibility,medium-visibility,large-visibility&#8221; center_content=&#8221;no&#8221; [&hellip;]","og_url":"https:\/\/hotelwagner.hu\/de\/privacy-policy\/","og_site_name":"Wagner Vend\u00e9gudvar","article_modified_time":"2021-01-13T07:47:04+00:00","twitter_card":"summary_large_image","twitter_misc":{"Gesch\u00e4tzte Lesezeit":"7\u00a0Minuten"},"schema":{"@context":"https:\/\/schema.org","@graph":[{"@type":"WebPage","@id":"https:\/\/hotelwagner.hu\/en\/privacy-policy\/","url":"https:\/\/hotelwagner.hu\/en\/privacy-policy\/","name":"Adatv\u00e9delmi t\u00e1j\u00e9koztat\u00f3 - Wagner Vend\u00e9gudvar","isPartOf":{"@id":"https:\/\/hotelwagner.hu\/#website"},"datePublished":"2021-01-11T14:33:50+00:00","dateModified":"2021-01-13T07:47:04+00:00","breadcrumb":{"@id":"https:\/\/hotelwagner.hu\/en\/privacy-policy\/#breadcrumb"},"inLanguage":"de","potentialAction":[{"@type":"ReadAction","target":["https:\/\/hotelwagner.hu\/en\/privacy-policy\/"]}]},{"@type":"BreadcrumbList","@id":"https:\/\/hotelwagner.hu\/en\/privacy-policy\/#breadcrumb","itemListElement":[{"@type":"ListItem","position":1,"name":"Home","item":"https:\/\/hotelwagner.hu\/"},{"@type":"ListItem","position":2,"name":"Adatv\u00e9delmi t\u00e1j\u00e9koztat\u00f3"}]},{"@type":"WebSite","@id":"https:\/\/hotelwagner.hu\/#website","url":"https:\/\/hotelwagner.hu\/","name":"Wagner Vend\u00e9gudvar","description":"Pension**** &amp; Restaurant","potentialAction":[{"@type":"SearchAction","target":{"@type":"EntryPoint","urlTemplate":"https:\/\/hotelwagner.hu\/?s={search_term_string}"},"query-input":{"@type":"PropertyValueSpecification","valueRequired":true,"valueName":"search_term_string"}}],"inLanguage":"de"}]}},"_links":{"self":[{"href":"https:\/\/hotelwagner.hu\/de\/wp-json\/wp\/v2\/pages\/3","targetHints":{"allow":["GET"]}}],"collection":[{"href":"https:\/\/hotelwagner.hu\/de\/wp-json\/wp\/v2\/pages"}],"about":[{"href":"https:\/\/hotelwagner.hu\/de\/wp-json\/wp\/v2\/types\/page"}],"author":[{"embeddable":true,"href":"https:\/\/hotelwagner.hu\/de\/wp-json\/wp\/v2\/users\/1"}],"replies":[{"embeddable":true,"href":"https:\/\/hotelwagner.hu\/de\/wp-json\/wp\/v2\/comments?post=3"}],"version-history":[{"count":1,"href":"https:\/\/hotelwagner.hu\/de\/wp-json\/wp\/v2\/pages\/3\/revisions"}],"predecessor-version":[{"id":3314,"href":"https:\/\/hotelwagner.hu\/de\/wp-json\/wp\/v2\/pages\/3\/revisions\/3314"}],"wp:attachment":[{"href":"https:\/\/hotelwagner.hu\/de\/wp-json\/wp\/v2\/media?parent=3"}],"curies":[{"name":"wp","href":"https:\/\/api.w.org\/{rel}","templated":true}]}}