{"id":3541,"date":"2021-02-08T19:34:43","date_gmt":"2021-02-08T18:34:43","guid":{"rendered":"https:\/\/hotelwagner.hu\/?page_id=3541"},"modified":"2021-09-24T09:42:57","modified_gmt":"2021-09-24T08:42:57","slug":"palyazat","status":"publish","type":"page","link":"https:\/\/hotelwagner.hu\/en\/palyazat\/","title":{"rendered":"P\u00e1ly\u00e1zat"},"content":{"rendered":"<figure class=\"wp-block-image size-large\"><img loading=\"lazy\" decoding=\"async\" width=\"1024\" height=\"229\" src=\"https:\/\/hotelwagner.hu\/wp-content\/uploads\/2021\/02\/wow_banner_fekvo_szoveg_v2-1024x229.png\" alt=\"\" class=\"wp-image-3542\" srcset=\"https:\/\/hotelwagner.hu\/wp-content\/uploads\/2021\/02\/wow_banner_fekvo_szoveg_v2-1024x229.png 1024w, https:\/\/hotelwagner.hu\/wp-content\/uploads\/2021\/02\/wow_banner_fekvo_szoveg_v2-300x67.png 300w, https:\/\/hotelwagner.hu\/wp-content\/uploads\/2021\/02\/wow_banner_fekvo_szoveg_v2-768x171.png 768w, https:\/\/hotelwagner.hu\/wp-content\/uploads\/2021\/02\/wow_banner_fekvo_szoveg_v2-1536x343.png 1536w, https:\/\/hotelwagner.hu\/wp-content\/uploads\/2021\/02\/wow_banner_fekvo_szoveg_v2-2048x457.png 2048w, https:\/\/hotelwagner.hu\/wp-content\/uploads\/2021\/02\/wow_banner_fekvo_szoveg_v2-16x4.png 16w\" sizes=\"auto, (max-width: 1024px) 100vw, 1024px\" \/><\/figure>\n\n\n\n<p><strong>Kedvezm\u00e9nyezett neve<\/strong>: WAGNER VEND\u00c9GUDVAR Vend\u00e9gl\u00e1t\u00f3 Korl\u00e1tolt Felel\u0151ss\u00e9g\u0171 T\u00e1rsas\u00e1g<\/p>\n\n\n\n<p><strong>T\u00e1mogatott projekt c\u00edme<\/strong>: \u00c1talak\u00edt\u00e1s \u00e9s korszer\u0171s\u00edt\u00e9s a Wagner Vend\u00e9gudvar Panzi\u00f3n\u00e1l<\/p>\n\n\n\n<p><strong>P\u00e1ly\u00e1zat azonos\u00edt\u00f3 sz\u00e1ma<\/strong>: TFC-1-1-1-2017-2018-00459<\/p>\n\n\n\n<p><strong>Szerz\u0151d\u00f6tt t\u00e1mogat\u00e1s \u00f6sszege<\/strong>: 35 023 420Ft<\/p>\n\n\n\n<p><strong>T\u00e1mogat\u00e1s m\u00e9rt\u00e9ke: <\/strong>70%<\/p>\n\n\n\n<p><strong>Projekt befejez\u00e9si d\u00e1tuma<\/strong>: \u00a0\u00a0\u00a0\u00a0\u00a0\u00a0\u00a0\u00a0\u00a0\u00a0\u00a0\u00a0\u00a0\u00a0\u00a0 2021.06.30.<\/p>\n\n\n\n<p><strong>Projekt tartalm\u00e1nak r\u00f6vid bemutat\u00e1sa:<\/strong> A projekt c\u00e9lja a Wagner Vend\u00e9gudvar Panzi\u00f3 b\u0151v\u00edt\u00e9se \u00e9s szolg\u00e1ltat\u00e1sinak fejleszt\u00e9se. A panzi\u00f3 a 3* kateg\u00f3ri\u00e1ba sorolhat\u00f3. A panzi\u00f3 eg\u00e9sz \u00e9vben v\u00e1rja l\u00e1togat\u00f3it.<\/p>\n\n\n\n<p>A fejleszt\u00e9s konkr\u00e9t c\u00e9ljai:<\/p>\n\n\n\n<p>\u2022&nbsp;&nbsp;&nbsp;&nbsp;&nbsp;&nbsp;&nbsp;&nbsp;&nbsp;&nbsp;&nbsp;&nbsp; \u00daj turisztikai szolg\u00e1ltat\u00e1sok bevezet\u00e9s a r\u00e9giek megtart\u00e1sa mellett (ker\u00e9kp\u00e1rk\u00f6lcs\u00f6nz\u00e9s, gyermekszoba, stb)<\/p>\n\n\n\n<p>\u2022&nbsp;&nbsp;&nbsp;&nbsp;&nbsp;&nbsp;&nbsp;&nbsp;&nbsp;&nbsp;&nbsp;&nbsp; A megl\u00e9v\u0151 szob\u00e1k min\u0151s\u00e9g\u00e9nek fenntart\u00e1sa \u00e9s fejleszt\u00e9se<\/p>\n\n\n\n<p>\u2022&nbsp;&nbsp;&nbsp;&nbsp;&nbsp;&nbsp;&nbsp;&nbsp;&nbsp;&nbsp;&nbsp;&nbsp; \u00daj c\u00e9lcsoportok el\u00e9r\u00e9se<\/p>\n\n\n\n<p>\u2022&nbsp;&nbsp;&nbsp;&nbsp;&nbsp;&nbsp;&nbsp;&nbsp;&nbsp;&nbsp;&nbsp;&nbsp; Mobiltelefonos ajt\u00f3nyit\u00e1si lehet\u0151s\u00e9g<\/p>\n\n\n\n<p>\u2022&nbsp;&nbsp;&nbsp;&nbsp;&nbsp;&nbsp;&nbsp;&nbsp;&nbsp;&nbsp;&nbsp;&nbsp; Parkol\u00f3 korszer\u0171s\u00edt\u00e9se<\/p>\n\n\n\n<p><strong>A t\u00e1mogatott projekt a Kisfaludy Turisztikai Fejleszt\u00e9si Program keret\u00e9ben val\u00f3sul meg.<\/strong><\/p>","protected":false},"excerpt":{"rendered":"<p>Kedvezm\u00e9nyezett neve: WAGNER VEND\u00c9GUDVAR Vend\u00e9gl\u00e1t\u00f3 Korl\u00e1tolt Felel\u0151ss\u00e9g\u0171 T\u00e1rsas\u00e1g T\u00e1mogatott projekt c\u00edme: \u00c1talak\u00edt\u00e1s \u00e9s korszer\u0171s\u00edt\u00e9s a Wagner Vend\u00e9gudvar Panzi\u00f3n\u00e1l P\u00e1ly\u00e1zat azonos\u00edt\u00f3 sz\u00e1ma: TFC-1-1-1-2017-2018-00459 Szerz\u0151d\u00f6tt t\u00e1mogat\u00e1s \u00f6sszege: 35 023 420Ft T\u00e1mogat\u00e1s m\u00e9rt\u00e9ke: 70% Projekt befejez\u00e9si d\u00e1tuma: \u00a0\u00a0\u00a0\u00a0\u00a0\u00a0\u00a0\u00a0\u00a0\u00a0\u00a0\u00a0\u00a0\u00a0\u00a0 2021.06.30. Projekt tartalm\u00e1nak r\u00f6vid bemutat\u00e1sa: A projekt c\u00e9lja a Wagner Vend\u00e9gudvar Panzi\u00f3 b\u0151v\u00edt\u00e9se \u00e9s szolg\u00e1ltat\u00e1sinak fejleszt\u00e9se. A panzi\u00f3 a 3* [&hellip;]<\/p>\n","protected":false},"author":1,"featured_media":3453,"parent":0,"menu_order":0,"comment_status":"closed","ping_status":"closed","template":"","meta":{"footnotes":""},"class_list":["post-3541","page","type-page","status-publish","has-post-thumbnail","hentry"],"yoast_head":"<!-- This site is optimized with the Yoast SEO plugin v27.3 - https:\/\/yoast.com\/product\/yoast-seo-wordpress\/ -->\n<title>P\u00e1ly\u00e1zat - Wagner Vend\u00e9gudvar<\/title>\n<meta name=\"robots\" content=\"index, follow, max-snippet:-1, max-image-preview:large, max-video-preview:-1\" \/>\n<link rel=\"canonical\" href=\"https:\/\/hotelwagner.hu\/en\/palyazat\/\" \/>\n<meta property=\"og:locale\" content=\"en_GB\" \/>\n<meta property=\"og:type\" content=\"article\" \/>\n<meta property=\"og:title\" content=\"P\u00e1ly\u00e1zat - Wagner Vend\u00e9gudvar\" \/>\n<meta property=\"og:description\" content=\"Kedvezm\u00e9nyezett neve: WAGNER VEND\u00c9GUDVAR Vend\u00e9gl\u00e1t\u00f3 Korl\u00e1tolt Felel\u0151ss\u00e9g\u0171 T\u00e1rsas\u00e1g T\u00e1mogatott projekt c\u00edme: \u00c1talak\u00edt\u00e1s \u00e9s korszer\u0171s\u00edt\u00e9s a Wagner Vend\u00e9gudvar Panzi\u00f3n\u00e1l P\u00e1ly\u00e1zat azonos\u00edt\u00f3 sz\u00e1ma: TFC-1-1-1-2017-2018-00459 Szerz\u0151d\u00f6tt t\u00e1mogat\u00e1s \u00f6sszege: 35 023 420Ft T\u00e1mogat\u00e1s m\u00e9rt\u00e9ke: 70% Projekt befejez\u00e9si d\u00e1tuma: \u00a0\u00a0\u00a0\u00a0\u00a0\u00a0\u00a0\u00a0\u00a0\u00a0\u00a0\u00a0\u00a0\u00a0\u00a0 2021.06.30. Projekt tartalm\u00e1nak r\u00f6vid bemutat\u00e1sa: A projekt c\u00e9lja a Wagner Vend\u00e9gudvar Panzi\u00f3 b\u0151v\u00edt\u00e9se \u00e9s szolg\u00e1ltat\u00e1sinak fejleszt\u00e9se. A panzi\u00f3 a 3* [&hellip;]\" \/>\n<meta property=\"og:url\" content=\"https:\/\/hotelwagner.hu\/en\/palyazat\/\" \/>\n<meta property=\"og:site_name\" content=\"Wagner Vend\u00e9gudvar\" \/>\n<meta property=\"article:modified_time\" content=\"2021-09-24T08:42:57+00:00\" \/>\n<meta property=\"og:image\" content=\"https:\/\/hotelwagner.hu\/wp-content\/uploads\/2018\/05\/117722711_3558810924163806_5001221037342551408_o-scaled-1.jpg\" \/>\n\t<meta property=\"og:image:width\" content=\"1920\" \/>\n\t<meta property=\"og:image:height\" content=\"1440\" \/>\n\t<meta property=\"og:image:type\" content=\"image\/jpeg\" \/>\n<meta name=\"twitter:card\" content=\"summary_large_image\" \/>\n<meta name=\"twitter:label1\" content=\"Estimated reading time\" \/>\n\t<meta name=\"twitter:data1\" content=\"1 minute\" \/>\n<script type=\"application\/ld+json\" class=\"yoast-schema-graph\">{\"@context\":\"https:\\\/\\\/schema.org\",\"@graph\":[{\"@type\":\"WebPage\",\"@id\":\"https:\\\/\\\/hotelwagner.hu\\\/en\\\/palyazat\\\/\",\"url\":\"https:\\\/\\\/hotelwagner.hu\\\/en\\\/palyazat\\\/\",\"name\":\"P\u00e1ly\u00e1zat - Wagner Vend\u00e9gudvar\",\"isPartOf\":{\"@id\":\"https:\\\/\\\/hotelwagner.hu\\\/#website\"},\"primaryImageOfPage\":{\"@id\":\"https:\\\/\\\/hotelwagner.hu\\\/en\\\/palyazat\\\/#primaryimage\"},\"image\":{\"@id\":\"https:\\\/\\\/hotelwagner.hu\\\/en\\\/palyazat\\\/#primaryimage\"},\"thumbnailUrl\":\"https:\\\/\\\/hotelwagner.hu\\\/wp-content\\\/uploads\\\/2018\\\/05\\\/117722711_3558810924163806_5001221037342551408_o-scaled-1.jpg\",\"datePublished\":\"2021-02-08T18:34:43+00:00\",\"dateModified\":\"2021-09-24T08:42:57+00:00\",\"breadcrumb\":{\"@id\":\"https:\\\/\\\/hotelwagner.hu\\\/en\\\/palyazat\\\/#breadcrumb\"},\"inLanguage\":\"en-GB\",\"potentialAction\":[{\"@type\":\"ReadAction\",\"target\":[\"https:\\\/\\\/hotelwagner.hu\\\/en\\\/palyazat\\\/\"]}]},{\"@type\":\"ImageObject\",\"inLanguage\":\"en-GB\",\"@id\":\"https:\\\/\\\/hotelwagner.hu\\\/en\\\/palyazat\\\/#primaryimage\",\"url\":\"https:\\\/\\\/hotelwagner.hu\\\/wp-content\\\/uploads\\\/2018\\\/05\\\/117722711_3558810924163806_5001221037342551408_o-scaled-1.jpg\",\"contentUrl\":\"https:\\\/\\\/hotelwagner.hu\\\/wp-content\\\/uploads\\\/2018\\\/05\\\/117722711_3558810924163806_5001221037342551408_o-scaled-1.jpg\",\"width\":1920,\"height\":1440},{\"@type\":\"BreadcrumbList\",\"@id\":\"https:\\\/\\\/hotelwagner.hu\\\/en\\\/palyazat\\\/#breadcrumb\",\"itemListElement\":[{\"@type\":\"ListItem\",\"position\":1,\"name\":\"Home\",\"item\":\"https:\\\/\\\/hotelwagner.hu\\\/\"},{\"@type\":\"ListItem\",\"position\":2,\"name\":\"P\u00e1ly\u00e1zat\"}]},{\"@type\":\"WebSite\",\"@id\":\"https:\\\/\\\/hotelwagner.hu\\\/#website\",\"url\":\"https:\\\/\\\/hotelwagner.hu\\\/\",\"name\":\"Wagner Vend\u00e9gudvar\",\"description\":\"Pension**** &amp; Restaurant\",\"potentialAction\":[{\"@type\":\"SearchAction\",\"target\":{\"@type\":\"EntryPoint\",\"urlTemplate\":\"https:\\\/\\\/hotelwagner.hu\\\/?s={search_term_string}\"},\"query-input\":{\"@type\":\"PropertyValueSpecification\",\"valueRequired\":true,\"valueName\":\"search_term_string\"}}],\"inLanguage\":\"en-GB\"}]}<\/script>\n<!-- \/ Yoast SEO plugin. -->","yoast_head_json":{"title":"P\u00e1ly\u00e1zat - Wagner Vend\u00e9gudvar","robots":{"index":"index","follow":"follow","max-snippet":"max-snippet:-1","max-image-preview":"max-image-preview:large","max-video-preview":"max-video-preview:-1"},"canonical":"https:\/\/hotelwagner.hu\/en\/palyazat\/","og_locale":"en_GB","og_type":"article","og_title":"P\u00e1ly\u00e1zat - Wagner Vend\u00e9gudvar","og_description":"Kedvezm\u00e9nyezett neve: WAGNER VEND\u00c9GUDVAR Vend\u00e9gl\u00e1t\u00f3 Korl\u00e1tolt Felel\u0151ss\u00e9g\u0171 T\u00e1rsas\u00e1g T\u00e1mogatott projekt c\u00edme: \u00c1talak\u00edt\u00e1s \u00e9s korszer\u0171s\u00edt\u00e9s a Wagner Vend\u00e9gudvar Panzi\u00f3n\u00e1l P\u00e1ly\u00e1zat azonos\u00edt\u00f3 sz\u00e1ma: TFC-1-1-1-2017-2018-00459 Szerz\u0151d\u00f6tt t\u00e1mogat\u00e1s \u00f6sszege: 35 023 420Ft T\u00e1mogat\u00e1s m\u00e9rt\u00e9ke: 70% Projekt befejez\u00e9si d\u00e1tuma: \u00a0\u00a0\u00a0\u00a0\u00a0\u00a0\u00a0\u00a0\u00a0\u00a0\u00a0\u00a0\u00a0\u00a0\u00a0 2021.06.30. Projekt tartalm\u00e1nak r\u00f6vid bemutat\u00e1sa: A projekt c\u00e9lja a Wagner Vend\u00e9gudvar Panzi\u00f3 b\u0151v\u00edt\u00e9se \u00e9s szolg\u00e1ltat\u00e1sinak fejleszt\u00e9se. A panzi\u00f3 a 3* [&hellip;]","og_url":"https:\/\/hotelwagner.hu\/en\/palyazat\/","og_site_name":"Wagner Vend\u00e9gudvar","article_modified_time":"2021-09-24T08:42:57+00:00","og_image":[{"width":1920,"height":1440,"url":"https:\/\/hotelwagner.hu\/wp-content\/uploads\/2018\/05\/117722711_3558810924163806_5001221037342551408_o-scaled-1.jpg","type":"image\/jpeg"}],"twitter_card":"summary_large_image","twitter_misc":{"Estimated reading time":"1 minute"},"schema":{"@context":"https:\/\/schema.org","@graph":[{"@type":"WebPage","@id":"https:\/\/hotelwagner.hu\/en\/palyazat\/","url":"https:\/\/hotelwagner.hu\/en\/palyazat\/","name":"P\u00e1ly\u00e1zat - Wagner Vend\u00e9gudvar","isPartOf":{"@id":"https:\/\/hotelwagner.hu\/#website"},"primaryImageOfPage":{"@id":"https:\/\/hotelwagner.hu\/en\/palyazat\/#primaryimage"},"image":{"@id":"https:\/\/hotelwagner.hu\/en\/palyazat\/#primaryimage"},"thumbnailUrl":"https:\/\/hotelwagner.hu\/wp-content\/uploads\/2018\/05\/117722711_3558810924163806_5001221037342551408_o-scaled-1.jpg","datePublished":"2021-02-08T18:34:43+00:00","dateModified":"2021-09-24T08:42:57+00:00","breadcrumb":{"@id":"https:\/\/hotelwagner.hu\/en\/palyazat\/#breadcrumb"},"inLanguage":"en-GB","potentialAction":[{"@type":"ReadAction","target":["https:\/\/hotelwagner.hu\/en\/palyazat\/"]}]},{"@type":"ImageObject","inLanguage":"en-GB","@id":"https:\/\/hotelwagner.hu\/en\/palyazat\/#primaryimage","url":"https:\/\/hotelwagner.hu\/wp-content\/uploads\/2018\/05\/117722711_3558810924163806_5001221037342551408_o-scaled-1.jpg","contentUrl":"https:\/\/hotelwagner.hu\/wp-content\/uploads\/2018\/05\/117722711_3558810924163806_5001221037342551408_o-scaled-1.jpg","width":1920,"height":1440},{"@type":"BreadcrumbList","@id":"https:\/\/hotelwagner.hu\/en\/palyazat\/#breadcrumb","itemListElement":[{"@type":"ListItem","position":1,"name":"Home","item":"https:\/\/hotelwagner.hu\/"},{"@type":"ListItem","position":2,"name":"P\u00e1ly\u00e1zat"}]},{"@type":"WebSite","@id":"https:\/\/hotelwagner.hu\/#website","url":"https:\/\/hotelwagner.hu\/","name":"Wagner Vend\u00e9gudvar","description":"Pension**** &amp; Restaurant","potentialAction":[{"@type":"SearchAction","target":{"@type":"EntryPoint","urlTemplate":"https:\/\/hotelwagner.hu\/?s={search_term_string}"},"query-input":{"@type":"PropertyValueSpecification","valueRequired":true,"valueName":"search_term_string"}}],"inLanguage":"en-GB"}]}},"_links":{"self":[{"href":"https:\/\/hotelwagner.hu\/en\/wp-json\/wp\/v2\/pages\/3541","targetHints":{"allow":["GET"]}}],"collection":[{"href":"https:\/\/hotelwagner.hu\/en\/wp-json\/wp\/v2\/pages"}],"about":[{"href":"https:\/\/hotelwagner.hu\/en\/wp-json\/wp\/v2\/types\/page"}],"author":[{"embeddable":true,"href":"https:\/\/hotelwagner.hu\/en\/wp-json\/wp\/v2\/users\/1"}],"replies":[{"embeddable":true,"href":"https:\/\/hotelwagner.hu\/en\/wp-json\/wp\/v2\/comments?post=3541"}],"version-history":[{"count":2,"href":"https:\/\/hotelwagner.hu\/en\/wp-json\/wp\/v2\/pages\/3541\/revisions"}],"predecessor-version":[{"id":3599,"href":"https:\/\/hotelwagner.hu\/en\/wp-json\/wp\/v2\/pages\/3541\/revisions\/3599"}],"wp:featuredmedia":[{"embeddable":true,"href":"https:\/\/hotelwagner.hu\/en\/wp-json\/wp\/v2\/media\/3453"}],"wp:attachment":[{"href":"https:\/\/hotelwagner.hu\/en\/wp-json\/wp\/v2\/media?parent=3541"}],"curies":[{"name":"wp","href":"https:\/\/api.w.org\/{rel}","templated":true}]}}